{"id":74,"date":"2013-08-03T22:24:19","date_gmt":"2013-08-03T19:24:19","guid":{"rendered":"https:\/\/octenisept.klnph.ru\/de\/fragen-und-antworten\/"},"modified":"2013-08-03T22:24:19","modified_gmt":"2013-08-03T19:24:19","slug":"fragen-und-antworten","status":"publish","type":"page","link":"https:\/\/octenisept.klnph.ru\/de\/fragen-und-antworten\/","title":{"rendered":"Fragen und Antworten"},"content":{"rendered":"<p><a href=\"#1\">Ist Octenisept gegen MRSA wirksam?<\/a><br \/><a href=\"#2\">Ist Octenisept gegen Hautpilze wirksam?<\/a><br \/><a href=\"#3\">Wirkt Octenisept auch als ein Reinigungsmittel oder allein als ein Antiseptikum?<\/a><br \/><a href=\"#4\">K\u00f6nnen die Reste von Octenisept-L\u00f6sung zusammen mit Silberpr\u00e4paraten in der Wunde eine toxische Wirkung haben?<\/a><br \/><a href=\"#5\">Gibt es allergische Reaktionen auf Octenisept?<\/a><br \/><a href=\"#6\">Kann Octenispet bei der Wundsp\u00fclung in den Blutkreislauf eindringen?<\/a><br \/><a href=\"#7\"> Darf Octenisept als ein Antiseptikum zur Behandlung der Schleimh\u00e4ute und Hautwunden verwendet werden?<\/a><br \/><a href=\"#8\"> Darf Octenisept bei Kindern, Neu- und Fr\u00fchgeborenen verwendet werden?<\/a><br \/><a href=\"#9\"> Eignet sich Octenisept zur Sp\u00fclung der breitfl\u00e4chigen Wunden bei der Operation?<\/a><br \/><a href=\"#10\"> Darf Octenisept in der Mundh\u00f6hle verwendet werden?<\/a><br \/><a href=\"#11\">Darf Octenisept in der Gyn\u00e4kologie verwendet werden?<\/a><br \/><a href=\"#12\"> Darf Octenisept aufs Knorpelgewebe aufgetragen werden?<\/a><br \/><a href=\"#13\"> Ist Octenisept zur Sp\u00fclung des Bauchraums angezeigt?<\/a><br \/><a href=\"#14\"> Darf Octenisept zur Desinfektion des inneren Teils der Ohrmuschel verwendet werden?<\/a><br \/><a href=\"#15\"> Darf Octenisept auf die Konjunktiva aufgebracht werden?<\/a><br \/><a href=\"#16\"> Darf Octenisept zur Versorgung der Nabelwunde verwendet werden?<\/a><br \/><a href=\"#17\"> Darf Octenisept f\u00fcr die Schleimhaut der Nasenh\u00f6hle verwendet werden?<\/a><br \/><a href=\"#18\"> Darf Octenisept zur Sp\u00fclung der Harnblase verwendet werden?<\/a><br \/><a href=\"#19\"> Darf Octenisept als ein Antiseptikum f\u00fcr H\u00e4nde bei den Hautverletzungen verwendet werden?<\/a><br \/><a href=\"#20\"> Darf Octenisept zur Desinfektion der Katheter verwendet werden?<\/a><br \/><a href=\"#21\"> Darf Octenisept gel\u00f6st werden?<\/a><br \/><a href=\"#22\"> Darf Octenisept erw\u00e4rmt oder gefrostet werden?<\/a><br \/><a href=\"#23\"> Warum soll das Antiseptikum vor dem Aufbringen erw\u00e4rmt werden?<\/a><br \/><a href=\"#24\"> Darf man eine mit erhaltener Faszie und von MRSA besiedelte Wunde \u00a0zwei mal pro Tag mit Octenisept sp\u00fclen und abdecken?<\/a><br \/><a href=\"#25\"> Darf Octenisept zur Epithelisierung verwendet werden?<\/a><br \/><a href=\"#26\"> Wie oft soll man Binden bei der Verwendung von Octenisept wechseln?<\/a><br \/><a href=\"#27\"> Darf Octenisept zusammen mit den Feucht- (Aquacel) oder anderen Verbandsmaterialien verwendet werden?<\/a><br \/><a href=\"#28\"> Ist die Verwendung von Octenisept mit den silberhaltigenWundauflagen m\u00f6glich?<\/a><\/p>\n<p>\u00a0<\/p>\n<h3>Ist Octenisept gegen MRSA wirksam?<\/h3>\n<p>Ja. Untersuchungsergebnisse von Octenisept zeigen dessen hohe Wirksamkeit gegen viele Formen von MRSA auf. In keinem einzigen Fall gab es einen bedeutenden Unterschied in der Wirksamkeit des Pr\u00e4parats im Vergleich zur Wirkung auf empfindliche St\u00e4mme S aureus. Die Resistenz-Entwicklung gegen Octenidin war nicht bemerkt.<\/p>\n<p>\u00a0<\/p>\n<h3><strong>Ist Octenisept gegen Hautpilze wirksam?<\/strong><\/h3>\n<p><strong>Ja<\/strong> Octenisept weist eine gute Wirksamkeit als ein Fungizid gegen eine Menge verschiedener Pilze in vitro auf. Klinische Forschungen beweisen die Anwendungswirksamkeit des Pr\u00e4parats bei Fu\u00dfmykosen.<\/p>\n<p>Kann Octenisept in die Wunde durch den Biofilm eindringen? Ja. (Sehen Sie bitte auch Artikel GMS Krankenhaushygiene 2007, Band 2 (2), Dok. 45)<\/p>\n<p>\u00a0<\/p>\n<h3><strong>Wirkt Octenisept auch als ein Reinigungsmittel oder allein als ein Antiseptikum?<\/strong><\/h3>\n<p><strong>Ja<\/strong> Oktenisept wirkt ausgezeichnet auch als ein Reinigungsmittel. Eine geringe Menge von Detergens reduziert stark die Fl\u00e4chenspannung des Pr\u00e4parats und f\u00f6rdert somit die Befeuchtung der Wundfl\u00e4che. Gleichzeitig damit wird eine gute Reinigungswirkung erzielt.<\/p>\n<p>\u00a0<\/p>\n<h3><strong>K\u00f6nnen die Reste von Octenisept L\u00f6sung zusammen mit Silberpr\u00e4paraten in der Wunde eine toxische Wirkung haben?<\/strong><\/h3>\n<p><strong>Nein<\/strong> \u00dcber solch eine Inkompatibilit\u00e4t ist nichts bekannt.<\/p>\n<p>\u00a0<\/p>\n<h3><strong>Gibt es allergische Reaktionen auf Octenisept?<\/strong><\/h3>\n<p><strong>Nur<\/strong> wenn es um seltene F\u00e4lle der individuellen Unvertr\u00e4glichkeit geht.<\/p>\n<p><strong>\u00a0<\/strong><\/p>\n<h3><strong>Kann Octenispet bei der Wundsp\u00fclung in den Blutkreislauf eindringen?<\/strong><\/h3>\n<p><strong>Nein<\/strong> Bei der richtigen Anwendung des Pr\u00e4parats wurde kein negativer Fall der Eindringung von Octenisept-Komponenten in den Blutkreislauf registriert unabh\u00e4ngig von der Gr\u00f6\u00dfe und Tiefe der versorgten Wunde.<\/p>\n<p>\u00a0<\/p>\n<h3><strong>Darf Octenisept als ein Antiseptikum zur Behandlung der Schleimh\u00e4ute und Hautwunden verwendet werden?<\/strong><span style=\"color: #333333; font-family: Tahoma, Helvetica, Arial, sans-serif; font-size: 12px; line-height: 1.3em;\">\u00a0<\/span><\/h3>\n<p><strong>Ja<\/strong> Octenisept wurde urspr\u00fcnglich zur Anwendung als ein Antiseptikum f\u00fcr Schleimh\u00e4ute in Deutschland in 1990 zugelassen. Die Erweiterung der Indikationen zur Anwendung bei der Behandlung\u00a0 der Hautwunden folgte erst in 1995.<\/p>\n<p>\u00a0<\/p>\n<h3><strong>Darf Octenisept bei Kindern, Neu- und Fr\u00fchgeborenen verwendet werden?<\/strong><\/h3>\n<p><strong>Ja<\/strong> Es gibt keine Anwendungsbeschr\u00e4nkungen wie es z. B. bei PVP-Jod gibt.<\/p>\n<p>\u00a0<\/p>\n<h3><strong>Eignet sich Octenisept zur Sp\u00fclung der breitfl\u00e4chigen Wunden bei der Operation?<\/strong><\/h3>\n<p><strong>\u00a0<\/strong><strong style=\"line-height: 1.3em;\">Ja<\/strong><span style=\"line-height: 1.3em;\"> Octenisept ist als ein Mittel zur Wundbehandlung genehmigt. Diese Anzeige schlie\u00dft auch die Behandlung der breifl\u00e4chigen Wunden (z. B. Brandwunden) ein, \u00fcberdies wird Octenidin nicht eingezogen und hat somit nur eine oberfl\u00e4chliche Wirkung.<\/span><\/p>\n<p>\u00a0<\/p>\n<h3><strong>Darf Octenisept in der Mundh\u00f6hle verwendet werden?<\/strong><span style=\"line-height: 1.3em;\">\u00a0<\/span><\/h3>\n<p><strong>Ja<\/strong> Au\u00dferdem ist Octenisept auf dem Markt als ein Pr\u00e4parat zur Vorbeugung und Reduzierung der Mikrobenzahl in der Mundh\u00f6hle vor den Operationen (z. B. vor der Zahnextraktion) genehmigt. Octenisept zeigt eine gr\u00f6\u00dfere Reduzierung der Mikrobenzahl auf als z. B. Chlorhexidin oder PVP-Jod.<\/p>\n<p>\u00a0<\/p>\n<h3><strong>Darf Octenisept in der Gyn\u00e4kologie verwendet werden?<\/strong><strong style=\"line-height: 1.3em;\">\u00a0<\/strong><\/h3>\n<p><strong>Ja<\/strong> Die Anwendung von Octenisept als ein genitales und vaginales Antiseptikum ist dessen grundlegendes und dauerhaft aus\u00fcbendes Anwendungsgebiet.<\/p>\n<p>\u00a0<span style=\"line-height: 1.3em;\">\u00a0<\/span><\/p>\n<h3><strong>Darf Octenisept aufs Knorpelgewebe aufgetragen werden?<\/strong><\/h3>\n<p><strong>Nein<\/strong>Octenisept ist auf intaktes und vitales Knorpelgewebe nicht aufzutragen.<\/p>\n<p>\u00a0<\/p>\n<h3><strong>Ist Octenisept zur Sp\u00fclung des Bauchraums angezeigt?<\/strong><\/h3>\n<p><strong>Nein<\/strong> Das ist eine Gegenanzeige. Bedingungen einer gefahrlosen Anwendung sind noch nicht gen\u00fcgend untersucht.<\/p>\n<p>\u00a0<\/p>\n<h3><strong>Darf Octenisept zur Desinfektion des inneren Teils der Ohrmuschel verwendet werden?<\/strong><\/h3>\n<p><strong>Ja<\/strong> Bis das Pr\u00e4parat ganz bestimmt ins Mittelohr durch z. B. das verletze Trommelfell nicht eindringen kann. Die Verwendung in der Trommelh\u00f6hle ist eine Kontaindikation.<\/p>\n<p>\u00a0<\/p>\n<h3><strong>Darf Octenisept auf die Konjunktiva aufgebracht werden?<\/strong><\/h3>\n<p>Octenisept darf nicht vor und w\u00e4hrend der Operationen verwendet werden.<\/p>\n<p>\u00a0<\/p>\n<h3><strong>Darf Octenisept zur Versorgung der Nabelwunde verwendet werden?<\/strong><\/h3>\n<p><strong>Ja<\/strong> Die Ergebnisse einer Mehrzweckuntersuchung von ca 1700 Neugeborenen bei denen Octenisept verwendet wurde best\u00e4tigen dessen gute Vertr\u00e4glichkeit. Es waren keine negativen Folgen der Nabelwundversorgung bemerkt.<\/p>\n<p>\u00a0<\/p>\n<h3><strong>Darf Octenisept f\u00fcr die Schleimhaut der Nasenh\u00f6hle verwendet werden?<\/strong><\/h3>\n<p><strong>Nein<\/strong> Octenisept ist zur vorbeugenden oder antiseptischen (zwecks der Behandlung) Aufbringung auf die Schleimhaut der Nasenh\u00f6hle nicht genehmigt.<\/p>\n<p>\u00a0<\/p>\n<h3><strong>Darf Octenisept zur Sp\u00fclung der Harnblase verwendet werden?<\/strong><\/h3>\n<p><strong>Nein<\/strong> Es ist eine Kontraindikation.<\/p>\n<p><strong>\u00a0<\/strong><\/p>\n<h3><strong>Darf Octenisept als ein Antiseptikum f\u00fcr H\u00e4nde bei den Hautverletzungen verwendet werden?<\/strong><\/h3>\n<p><strong>Nein<\/strong> Octenisept entspricht nicht den Anforderungen vom Verbund f\u00fcr angewandte Hygiene und der Deutschen Gesellschaft f\u00fcr Hygiene und Mikrobiologie (VAH\\DGHM) f\u00fcr Desinfektionsmittel f\u00fcr H\u00e4nde.<\/p>\n<p>\u00a0<\/p>\n<h3><strong>Darf Octenisept zur Desinfektion der Katheter verwendet werden?<\/strong><\/h3>\n<p><strong>Ja<\/strong> Es wurde an der Praxis bewiesen, dass Katheter und Sondierungsstoffe mit Octenisept anpassen und nach dem Aufbringen dampft das Pr\u00e4parat leicht ab.<\/p>\n<p>\u00a0<\/p>\n<h3><strong>Darf Octenisept gel\u00f6st werden?<\/strong><\/h3>\n<p><strong>\u00a0<\/strong><strong style=\"line-height: 1.3em;\">Ja<\/strong><span style=\"line-height: 1.3em;\"> Zur Wundsp\u00fclung und in allen anderen den Anzeigen entsprechenden Anwendungsgebieten darf das Pr\u00e4parat mit sterilen Wasser oder mit der Kochsalzl\u00f6sung verd\u00fcnnen. Zur Wirksamkeit ist die Verd\u00fcnnung mehr als 1:10 nicht empfohlen.<\/span><\/p>\n<p><strong>\u00a0<\/strong><\/p>\n<h3><strong>Darf Octenisept erw\u00e4rmt oder gefrostet werden?<\/strong><\/h3>\n<p><strong>Ja<\/strong>Octenisept darf gefahrlos bis zur K\u00f6rpertemperatur (z. B. mit hei\u00dfer Luft) vor dem Aufbringen erw\u00e4rmt werden. Besonders sorgf\u00e4ltig soll man beachten dass die Flasche fest zugeschlossen ist. Teilweise Frostung (in Eisw\u00fcrfeln) ist auch m\u00f6glich, soll aber bei den entsprechenden Hygienebedingungen vorgehen.<\/p>\n<p>\u00a0<\/p>\n<h3><strong>Warum soll das Antiseptikum vor dem Aufbringen erw\u00e4rmt werden?<\/strong><\/h3>\n<p>Octenisept soll bis zur K\u00f6rpertemperatur (z. B. mit Hilfe vom Fl\u00e4schchenw\u00e4rmer f\u00fcr Kinderern\u00e4hrung) aufgew\u00e4rmt werden, falls es ausgiebig aufgebracht oder zur Sp\u00fclung verwendet wird. Dies verhindert eventuelle St\u00f6rungen der Wundheilung wegen der lokalen K\u00fchlung. Das ist auch viel angenehmer f\u00fcr den Patienten.<\/p>\n<p>\u00a0<\/p>\n<h3><strong>Darf man eine mit erhaltener Faszie und von MRSA besiedelte Wunde\u00a0 zwei mal pro Tag mit Octenisept sp\u00fclen und abdecken?<\/strong><\/h3>\n<p><strong>Ja<\/strong> Bis man sicher ist dass die Wundh\u00f6hle einen breiten und freien Zugang hat und das Pr\u00e4parat leicht ablaufen kann. Die Einf\u00fchrung von Octenisept in die Wundh\u00f6hle unter Druck ist zu vermeiden. Die volle Sp\u00fclung des Bauchraums ist eine Kontraindikation.<\/p>\n<p>\u00a0<\/p>\n<h3><strong>Darf Octenisept zur Epithelisierung verwendet werden?<\/strong><\/h3>\n<p><strong>Ja Wenn es eine medizinische Indikation ist.<\/strong> Die Wunden w\u00e4hrend der Granulation und Epithelisierung dr\u00e4ngen in der Regel zu keinen extra antiseptischen Ma\u00dfnahmen. Doch wenn sich in dieser Zeit das Risiko der Infektion entwickelt, darf Octenisept bei solchen Wunden ohne Bef\u00fcrchtungen um St\u00f6rungen der Wundheilung angewendet werden, was durch eine dauerhafte Verwendung von Octenisept bewiesen ist.<\/p>\n<p>\u00a0<\/p>\n<h3><strong>Wie oft soll man Binden bei der Verwendung von Octenisept wechseln?<\/strong><strong style=\"line-height: 1.3em;\">\u00a0<\/strong><\/h3>\n<p><strong>Jede 12-24 Stunden.<\/strong> Gest\u00fczt auf der bewiesenen Remanenz von Octenisept innerhalb von 2 Stunden kann man vermuten dass effektive Wirkung des Pr\u00e4parats unter der Binde auch nach deren Anlegung fortsetzt. \u00c4nderung der Intervalle h\u00e4ngt vom Zustand und Grad\u00a0 der Exsudation der Wunde. Wenn es in der Wunde noch lokale Infektionsherde geben oder das Risiko der Infektionsentwicklung noch hoch ist, empfiehlt man eine nochmalige Behandlung mit Octenisept w\u00e4hrend des n\u00e4chsten Verbandwechsels.<\/p>\n<p>\u00a0<\/p>\n<h3><strong>Darf Octenisept zusammen mit den Feucht- (Aquacel) oder anderen Verbandsmaterialien verwendet werden?<\/strong><\/h3>\n<p><strong>Ja<\/strong> Octenisept ist ausgezeichnet damit vertr\u00e4glich.<\/p>\n<p>\u00a0<\/p>\n<h3><strong>Ist die Verwendung von Octenisept mit den silberhaltigenWundauflagen m\u00f6glich?<\/strong><\/h3>\n<p><strong>Ja<\/strong> Wenn es notwendig ist. Octenidin bleibt in der Wunde f\u00fcr lange Zeit als eine aktive Restsubstanz, dabei dehnt sich dessen Wirkung au\u00dferhalb der bearbeiteten Fl\u00e4che aus. Auf solche Weise ist das Kombinieren von silberhaltigen Wundauflagen und Octenisept nicht notwendig, sofern die Binden unbedingt regelm\u00e4\u00dfig gewechselt werden und Octenisept dabei wiederholt verwendet wird.<\/p>\n<h3>\u00a0<\/h3>\n<h3>Kann Octenisept in die Wunde durch Biofilm eindringen?<\/h3>\n<p>Ja (Sehen Sie auch Ver\u00f6ffentlichungen GMS Krankenhaushygiene 2007, Band 2 (2), Dok. 45)<\/p>\n","protected":false},"excerpt":{"rendered":"<p>Ist Octenisept gegen MRSA wirksam?Ist Octenisept gegen Hautpilze wirksam?Wirkt Octenisept auch als ein Reinigungsmittel oder allein als ein Antiseptikum?K\u00f6nnen die Reste von Octenisept-L\u00f6sung zusammen mit Silberpr\u00e4paraten in der Wunde eine toxische Wirkung haben?Gibt es allergische Reaktionen auf Octenisept?Kann Octenispet bei der Wundsp\u00fclung in den Blutkreislauf eindringen? Darf Octenisept als ein Antiseptikum zur Behandlung der Schleimh\u00e4ute [&hellip;]<\/p>\n","protected":false},"author":3,"featured_media":0,"parent":0,"menu_order":0,"comment_status":"closed","ping_status":"closed","template":"","meta":{"footnotes":""},"_links":{"self":[{"href":"https:\/\/octenisept.klnph.ru\/de\/wp-json\/wp\/v2\/pages\/74"}],"collection":[{"href":"https:\/\/octenisept.klnph.ru\/de\/wp-json\/wp\/v2\/pages"}],"about":[{"href":"https:\/\/octenisept.klnph.ru\/de\/wp-json\/wp\/v2\/types\/page"}],"author":[{"embeddable":true,"href":"https:\/\/octenisept.klnph.ru\/de\/wp-json\/wp\/v2\/users\/3"}],"replies":[{"embeddable":true,"href":"https:\/\/octenisept.klnph.ru\/de\/wp-json\/wp\/v2\/comments?post=74"}],"version-history":[{"count":0,"href":"https:\/\/octenisept.klnph.ru\/de\/wp-json\/wp\/v2\/pages\/74\/revisions"}],"wp:attachment":[{"href":"https:\/\/octenisept.klnph.ru\/de\/wp-json\/wp\/v2\/media?parent=74"}],"curies":[{"name":"wp","href":"https:\/\/api.w.org\/{rel}","templated":true}]}}