{"id":68,"date":"2013-08-03T21:50:08","date_gmt":"2013-08-03T18:50:08","guid":{"rendered":"https:\/\/octenisept.klnph.ru\/de\/gebrauchsanweisungen\/"},"modified":"2013-08-03T21:50:08","modified_gmt":"2013-08-03T18:50:08","slug":"gebrauchsanweisungen","status":"publish","type":"page","link":"https:\/\/octenisept.klnph.ru\/de\/gebrauchsanweisungen\/","title":{"rendered":"Gebrauchsanweisungen"},"content":{"rendered":"<h3 style=\"text-align: justify; line-height: 1.3em;\">Desinfektion der Haut und Schleimh\u00e4ute<\/h3>\n<table style=\"width: 100%;\" border=\"0\" cellpadding=\"0\">\n<tbody>\n<tr>\n<td width=\"50%\"><img decoding=\"async\" class=\" size-full wp-image-63\" src=\"https:\/\/octenisept.klnph.ru\/de\/wp-content\/uploads\/sites\/2\/2013\/08\/1.png\" alt=\"\" \/>\u00a0<\/td>\n<td valign=\"top\">\n<ul>\n<li><span style=\"font-size: small;\">die Nase (Rhinitis)<\/span><\/li>\n<li><span style=\"font-size: small;\">Erkrankungen der Mundh\u00f6hle<\/span><\/li>\n<li><span style=\"font-size: small;\">Halsschmerzen<\/span><\/li>\n<li><span style=\"font-size: small;\">Versorgung der Nabelwunde<\/span><\/li>\n<li><span style=\"font-size: small;\">Brandwunden, Manik\u00fcre<\/span><\/li>\n<li><span style=\"font-size: small;\">Vorbeugung der Geschlechtskrankheiten<\/span><\/li>\n<li><span style=\"font-size: small;\">Wunden, Dermatitis<\/span><\/li>\n<li><span style=\"font-size: small;\">Wachsepilation<\/span><\/li>\n<li><span style=\"font-size: small;\">Mykosenvorbeugung<\/span><\/li>\n<\/ul>\n<\/td>\n<\/tr>\n<\/tbody>\n<\/table>\n<p style=\"text-align: justify; line-height: 1.3em;\">\u00a0<\/p>\n<h3 style=\"text-align: justify; line-height: 1.3em;\">Art der Anwendung und Vorsichtsma\u03b2nahmen<\/h3>\n<table style=\"width: 100%;\" border=\"0\" cellpadding=\"0\">\n<tbody>\n<tr>\n<td width=\"49%\">\n<p><span style=\"font-size: small;\">\u00a0<\/span><\/p>\n<p>\u00a0<\/p>\n<p><img decoding=\"async\" class=\" size-full wp-image-64\" src=\"https:\/\/octenisept.klnph.ru\/de\/wp-content\/uploads\/sites\/2\/2013\/08\/2.png\" alt=\"\" style=\"line-height: 1.3em;\" \/><\/p>\n<p><span style=\"font-size: small;\">\u00a0<\/span><\/p>\n<p><span style=\"font-size: small;\">Sp\u00fclung der Wunden<\/span><\/p>\n<\/td>\n<td width=\"49%\">\n<p><span style=\"font-size: small;\">\u00a0<\/span><\/p>\n<p><span style=\"font-size: small;\">\u00a0<img decoding=\"async\" class=\" size-full wp-image-65\" src=\"https:\/\/octenisept.klnph.ru\/de\/wp-content\/uploads\/sites\/2\/2013\/08\/3.png\" alt=\"\" \/><\/span><\/p>\n<p><span style=\"font-size: small;\">\u00a0<\/span><\/p>\n<p><span style=\"font-size: small;\">Tupfermethode<\/span><\/p>\n<\/td>\n<\/tr>\n<tr>\n<td width=\"49%\">\n<p><span style=\"font-size: small;\">\u00a0<\/span><\/p>\n<p><span style=\"font-size: small;\">\u00a0<img decoding=\"async\" class=\" size-full wp-image-66\" src=\"https:\/\/octenisept.klnph.ru\/de\/wp-content\/uploads\/sites\/2\/2013\/08\/4.png\" alt=\"\" \/><\/span><\/p>\n<p><span style=\"font-size: small;\">Spr\u00fchen auf die Haut und Schleimh\u00e4ute<\/span><\/p>\n<\/td>\n<td width=\"49%\">\n<p><span style=\"font-size: small;\">\u00a0<\/span><\/p>\n<p><span style=\"font-size: small;\"><img decoding=\"async\" class=\" size-full wp-image-67\" src=\"https:\/\/octenisept.klnph.ru\/de\/wp-content\/uploads\/sites\/2\/2013\/08\/5.png\" alt=\"\" \/>\u00a0<\/span><\/p>\n<p><span style=\"font-size: small;\">Mundsp\u00fclung<\/span><\/p>\n<\/td>\n<\/tr>\n<\/tbody>\n<\/table>\n<p style=\"text-align: justify; line-height: 1.3em;\">\u00a0<\/p>\n<ul style=\"text-align: justify; line-height: 1.3em;\">\n<li><span style=\"font-size: small;\">bei der Wundsp\u00fclung ein leichtes und m\u00fcheloses Aufbringen des Pr\u00e4parats auf die Wunde ist zu beachten<\/span><\/li>\n<li><span style=\"font-size: small;\">bei der Sp\u00fclung der tiefen Wunden soll es immer eine Dr\u00e4nage zum Ablauf geben<\/span><\/li>\n<li><span style=\"font-size: small;\">zur Sp\u00fclung des Bauchraums (z. B. w\u00e4hrend einer Operation), Harnblase, Trommelfell ist Octenisept<sup>\u00ae<\/sup> nicht anzuwenden<\/span><\/li>\n<li><span style=\"font-size: small;\">nicht schlucken. Eine gr\u00f6\u00dfere Menge von Octenisept<sup>\u00ae<\/sup> im Blut (z. B. zuf\u00e4llig bei den Injektionen) ist nicht zugelassen.<\/span><\/li>\n<li><span style=\"font-size: small;\">Octenisept<sup>\u00ae<\/sup> ist mit anderen Pr\u00e4paraten nicht zu vermischen<\/span><\/li>\n<li><span style=\"font-size: small;\">Octenisept<sup>\u00ae<\/sup> ist mit Antibiotika mit PVP-Jod auf anliegenden Hautfl\u00e4chen nicht anzuwenden, da es heftige Verf\u00e4rbung der Haut\u00a0 von braun bis violett verursachen kann.<\/span><\/li>\n<li><span style=\"font-size: small;\">ein Verband darf erst nach voller Abtrocknung von Octenisept<sup>\u00ae<\/sup> angelegt werden<\/span><\/li>\n<li><span style=\"font-size: small;\">w\u00e4hrend der Anwendung kann selten ein Brennen vorkommen, das vergeht aber schnell<\/span><\/li>\n<li><span style=\"font-size: small;\">Octenisept<sup>\u00ae<\/sup> darf man bis zur K\u00f6rpertemperatur erw\u00e4rmen<\/span><\/li>\n<\/ul>\n<p style=\"text-align: justify; line-height: 1.3em;\"><span style=\"line-height: 1.3em;\">\u00a0<\/span><\/p>\n<h3 style=\"text-align: justify; line-height: 1.3em;\">Vergessen Sie \u00fcber Ihre Gesundheit nicht, schonen Sie sie und sorgen Sie f\u00fcr sich!<\/h3>\n","protected":false},"excerpt":{"rendered":"<p>Desinfektion der Haut und Schleimh\u00e4ute \u00a0 die Nase (Rhinitis) Erkrankungen der Mundh\u00f6hle Halsschmerzen Versorgung der Nabelwunde Brandwunden, Manik\u00fcre Vorbeugung der Geschlechtskrankheiten Wunden, Dermatitis Wachsepilation Mykosenvorbeugung \u00a0 Art der Anwendung und Vorsichtsma\u03b2nahmen \u00a0 \u00a0 \u00a0 Sp\u00fclung der Wunden \u00a0 \u00a0 \u00a0 Tupfermethode \u00a0 \u00a0 Spr\u00fchen auf die Haut und Schleimh\u00e4ute \u00a0 \u00a0 Mundsp\u00fclung \u00a0 bei der [&hellip;]<\/p>\n","protected":false},"author":3,"featured_media":0,"parent":0,"menu_order":1,"comment_status":"closed","ping_status":"closed","template":"","meta":{"footnotes":""},"_links":{"self":[{"href":"https:\/\/octenisept.klnph.ru\/de\/wp-json\/wp\/v2\/pages\/68"}],"collection":[{"href":"https:\/\/octenisept.klnph.ru\/de\/wp-json\/wp\/v2\/pages"}],"about":[{"href":"https:\/\/octenisept.klnph.ru\/de\/wp-json\/wp\/v2\/types\/page"}],"author":[{"embeddable":true,"href":"https:\/\/octenisept.klnph.ru\/de\/wp-json\/wp\/v2\/users\/3"}],"replies":[{"embeddable":true,"href":"https:\/\/octenisept.klnph.ru\/de\/wp-json\/wp\/v2\/comments?post=68"}],"version-history":[{"count":0,"href":"https:\/\/octenisept.klnph.ru\/de\/wp-json\/wp\/v2\/pages\/68\/revisions"}],"wp:attachment":[{"href":"https:\/\/octenisept.klnph.ru\/de\/wp-json\/wp\/v2\/media?parent=68"}],"curies":[{"name":"wp","href":"https:\/\/api.w.org\/{rel}","templated":true}]}}