{"id":62,"date":"2013-08-03T21:47:13","date_gmt":"2013-08-03T18:47:13","guid":{"rendered":"https:\/\/octenisept.klnph.ru\/de\/anwendungsgebiet\/"},"modified":"2013-08-03T21:47:13","modified_gmt":"2013-08-03T18:47:13","slug":"anwendungsgebiet","status":"publish","type":"page","link":"https:\/\/octenisept.klnph.ru\/de\/anwendungsgebiet\/","title":{"rendered":"Anwendungsgebiet"},"content":{"rendered":"<h3><strong>Wundversorgung<\/strong><\/h3>\n<p>Antiseptische Versorgung traumatischer, akuter, chronischer und chirurgischer Wunden sowie Brandwunden<\/p>\n<p>\u00a0<\/p>\n<h3><strong>Antiseptik der Schleimh\u00e4ute<\/strong><\/h3>\n<p>Vor dem diagnostischen und operativen Eingriff im p\u00e4diatrischen, chirurgischen und geburtshilflichen und gyn\u00e4kologischen Praktikum, in der Proktologie, Traumatologie, Dermatovenerologie, HNO-Heilkunde, Zahnmedizin. Zur Versorgung der Wund- und Verbrennungsfl\u00e4chen. Zur Vorbeugung der Fu\u00dfpilze und Interdigitalmykosen.<\/p>\n<p>\u00a0<\/p>\n<h3><strong>MRSA<\/strong><\/h3>\n<p>Zur antimikrobiellen K\u00f6rperwaschung der von MRSA infizierten Patienten.<\/p>\n<p><span style=\"line-height: 1.3em;\">\u00a0<\/span><\/p>\n<p><span style=\"line-height: 1.3em;\">{flv}Octenidin_Animationsfilm_octenisept_ru{\/flv}<br \/><\/span><\/p>\n","protected":false},"excerpt":{"rendered":"<p>Wundversorgung Antiseptische Versorgung traumatischer, akuter, chronischer und chirurgischer Wunden sowie Brandwunden \u00a0 Antiseptik der Schleimh\u00e4ute Vor dem diagnostischen und operativen Eingriff im p\u00e4diatrischen, chirurgischen und geburtshilflichen und gyn\u00e4kologischen Praktikum, in der Proktologie, Traumatologie, Dermatovenerologie, HNO-Heilkunde, Zahnmedizin. Zur Versorgung der Wund- und Verbrennungsfl\u00e4chen. Zur Vorbeugung der Fu\u00dfpilze und Interdigitalmykosen. \u00a0 MRSA Zur antimikrobiellen K\u00f6rperwaschung der von [&hellip;]<\/p>\n","protected":false},"author":3,"featured_media":0,"parent":0,"menu_order":2,"comment_status":"closed","ping_status":"closed","template":"","meta":{"footnotes":""},"_links":{"self":[{"href":"https:\/\/octenisept.klnph.ru\/de\/wp-json\/wp\/v2\/pages\/62"}],"collection":[{"href":"https:\/\/octenisept.klnph.ru\/de\/wp-json\/wp\/v2\/pages"}],"about":[{"href":"https:\/\/octenisept.klnph.ru\/de\/wp-json\/wp\/v2\/types\/page"}],"author":[{"embeddable":true,"href":"https:\/\/octenisept.klnph.ru\/de\/wp-json\/wp\/v2\/users\/3"}],"replies":[{"embeddable":true,"href":"https:\/\/octenisept.klnph.ru\/de\/wp-json\/wp\/v2\/comments?post=62"}],"version-history":[{"count":0,"href":"https:\/\/octenisept.klnph.ru\/de\/wp-json\/wp\/v2\/pages\/62\/revisions"}],"wp:attachment":[{"href":"https:\/\/octenisept.klnph.ru\/de\/wp-json\/wp\/v2\/media?parent=62"}],"curies":[{"name":"wp","href":"https:\/\/api.w.org\/{rel}","templated":true}]}}