{"id":59,"date":"2013-08-03T21:34:22","date_gmt":"2013-08-03T18:34:22","guid":{"rendered":"https:\/\/octenisept.klnph.ru\/de\/unsere-vorteile\/"},"modified":"2013-08-03T21:34:22","modified_gmt":"2013-08-03T18:34:22","slug":"unsere-vorteile","status":"publish","type":"page","link":"https:\/\/octenisept.klnph.ru\/de\/unsere-vorteile\/","title":{"rendered":"Unsere Vorteile"},"content":{"rendered":"<h3>Eigenschaften und Vorteile<\/h3>\n<table style=\"width: 100%;\" border=\"0\" cellpadding=\"0\">\n<tbody>\n<tr>\n<td width=\"60\">\u00a0<img decoding=\"async\" class=\" size-full wp-image-46\" src=\"https:\/\/octenisept.klnph.ru\/de\/wp-content\/uploads\/sites\/2\/2013\/08\/9.png\" alt=\"\" \/><\/td>\n<td>\n<p>Anwendung bei Kindern, S\u00e4uglingen und Neugeborenen ist nicht beschr\u00e4nkt<\/p>\n<\/td>\n<td width=\"60\">\n<p><img decoding=\"async\" class=\" size-full wp-image-47\" src=\"https:\/\/octenisept.klnph.ru\/de\/wp-content\/uploads\/sites\/2\/2013\/08\/10.png\" alt=\"\" \/>\u00a0<\/p>\n<\/td>\n<td>\n<p>gute Vertr\u00e4glichkeit von der Haut und Schleimhaut<\/p>\n<\/td>\n<\/tr>\n<tr>\n<td>\n<p><img decoding=\"async\" class=\" size-full wp-image-48\" src=\"https:\/\/octenisept.klnph.ru\/de\/wp-content\/uploads\/sites\/2\/2013\/08\/11.png\" alt=\"\" \/>\u00a0<\/p>\n<\/td>\n<td>\n<p>Unterdr\u00fcckt Wachsen und Vermehrung der meisten Mikroben<\/p>\n<\/td>\n<td>\n<p>\u00a0<img decoding=\"async\" class=\" size-full wp-image-49\" src=\"https:\/\/octenisept.klnph.ru\/de\/wp-content\/uploads\/sites\/2\/2013\/08\/12.png\" alt=\"\" \/><\/p>\n<\/td>\n<td>\n<p>Schnelle Wirkung: nach 30 Sekunden. M\u00e4chtiger und dauernder (bis 6 Stunden) antimikrobieller Effekt.<\/p>\n<\/td>\n<\/tr>\n<tr>\n<td>\n<p>\u00a0<img decoding=\"async\" class=\" size-full wp-image-50\" src=\"https:\/\/octenisept.klnph.ru\/de\/wp-content\/uploads\/sites\/2\/2013\/08\/13.png\" alt=\"\" \/><\/p>\n<\/td>\n<td>\n<p>farblos<\/p>\n<\/td>\n<td>\n<p><img decoding=\"async\" class=\" size-full wp-image-51\" src=\"https:\/\/octenisept.klnph.ru\/de\/wp-content\/uploads\/sites\/2\/2013\/08\/14.png\" alt=\"\" \/>\u00a0<\/p>\n<\/td>\n<td>\n<p>Benutzer- und Aufbewahrungsfreundlich<\/p>\n<\/td>\n<\/tr>\n<tr>\n<td>\n<p>\u00a0<img decoding=\"async\" class=\" size-full wp-image-52\" src=\"https:\/\/octenisept.klnph.ru\/de\/wp-content\/uploads\/sites\/2\/2013\/08\/15.png\" alt=\"\" \/><\/p>\n<\/td>\n<td>\n<p>Wird lange aufbewahrt: das Pr\u00e4parat darf innerhalb 3 Jahre nach der \u04e6ffnung benutzt werden. Bleibt wirksam nach der Entfrostung.<\/p>\n<\/td>\n<td>\n<p>\u00a0<img decoding=\"async\" class=\" size-full wp-image-53\" src=\"https:\/\/octenisept.klnph.ru\/de\/wp-content\/uploads\/sites\/2\/2013\/08\/16.png\" alt=\"\" \/><\/p>\n<\/td>\n<td>\n<p>Sparsam: f\u00fcr Wundsp\u00fclungen darf es mit sterilem Waser oder Kochsalzl\u00f6sung verd\u00fcnnt werden. Zur Wirksamkeit ist \u00fcber die Proportion 1:10 nicht hinauszugehen.<\/p>\n<\/td>\n<\/tr>\n<tr>\n<td>\n<p>\u00a0<img decoding=\"async\" class=\" size-full wp-image-54\" src=\"https:\/\/octenisept.klnph.ru\/de\/wp-content\/uploads\/sites\/2\/2013\/08\/17.png\" alt=\"\" \/><\/p>\n<\/td>\n<td>\n<p>schmerzfreie Anwendung<\/p>\n<p>\u00a0<\/p>\n<\/td>\n<td>\n<p>\u00a0<img decoding=\"async\" class=\" size-full wp-image-55\" src=\"https:\/\/octenisept.klnph.ru\/de\/wp-content\/uploads\/sites\/2\/2013\/08\/18.png\" alt=\"\" \/><\/p>\n<\/td>\n<td>\n<p>Es gibt kein Resistenzrisiko selbst bei der Daueranwendung.<\/p>\n<\/td>\n<\/tr>\n<tr>\n<td>\n<p>\u00a0<img decoding=\"async\" class=\" size-full wp-image-56\" src=\"https:\/\/octenisept.klnph.ru\/de\/wp-content\/uploads\/sites\/2\/2013\/08\/19.png\" alt=\"\" \/><\/p>\n<\/td>\n<td>\n<p>Vor dem Aufbringen darf man es bis zur K\u00f6rpertemperatur erw\u00e4rmen.<\/p>\n<\/td>\n<td>\n<p>\u00a0<img decoding=\"async\" class=\" size-full wp-image-57\" src=\"https:\/\/octenisept.klnph.ru\/de\/wp-content\/uploads\/sites\/2\/2013\/08\/20.png\" alt=\"\" \/><\/p>\n<\/td>\n<td>\n<p>deutsche Qualit\u00e4t<\/p>\n<\/td>\n<\/tr>\n<tr>\n<td>\n<p>\u00a0<img decoding=\"async\" class=\" size-full wp-image-58\" src=\"https:\/\/octenisept.klnph.ru\/de\/wp-content\/uploads\/sites\/2\/2013\/08\/21.png\" alt=\"\" \/><\/p>\n<\/td>\n<td>\n<p>Es gibt keine systemischen Nebenwirkungen und Gegenanzeigen.<\/p>\n<\/td>\n<td>\n<p>\u00a0<\/p>\n<\/td>\n<td>\n<p>\u00a0<\/p>\n<\/td>\n<\/tr>\n<\/tbody>\n<\/table>\n<p>\u00a0<\/p>\n<p>\u00a0<\/p>\n<p>{flv}Octenidin_Animationsfilm_Wirkungsweise_ru{\/flv}<\/p>\n","protected":false},"excerpt":{"rendered":"<p>Eigenschaften und Vorteile \u00a0 Anwendung bei Kindern, S\u00e4uglingen und Neugeborenen ist nicht beschr\u00e4nkt \u00a0 gute Vertr\u00e4glichkeit von der Haut und Schleimhaut \u00a0 Unterdr\u00fcckt Wachsen und Vermehrung der meisten Mikroben \u00a0 Schnelle Wirkung: nach 30 Sekunden. M\u00e4chtiger und dauernder (bis 6 Stunden) antimikrobieller Effekt. \u00a0 farblos \u00a0 Benutzer- und Aufbewahrungsfreundlich \u00a0 Wird lange aufbewahrt: das Pr\u00e4parat [&hellip;]<\/p>\n","protected":false},"author":3,"featured_media":0,"parent":0,"menu_order":5,"comment_status":"closed","ping_status":"closed","template":"","meta":{"footnotes":""},"_links":{"self":[{"href":"https:\/\/octenisept.klnph.ru\/de\/wp-json\/wp\/v2\/pages\/59"}],"collection":[{"href":"https:\/\/octenisept.klnph.ru\/de\/wp-json\/wp\/v2\/pages"}],"about":[{"href":"https:\/\/octenisept.klnph.ru\/de\/wp-json\/wp\/v2\/types\/page"}],"author":[{"embeddable":true,"href":"https:\/\/octenisept.klnph.ru\/de\/wp-json\/wp\/v2\/users\/3"}],"replies":[{"embeddable":true,"href":"https:\/\/octenisept.klnph.ru\/de\/wp-json\/wp\/v2\/comments?post=59"}],"version-history":[{"count":0,"href":"https:\/\/octenisept.klnph.ru\/de\/wp-json\/wp\/v2\/pages\/59\/revisions"}],"wp:attachment":[{"href":"https:\/\/octenisept.klnph.ru\/de\/wp-json\/wp\/v2\/media?parent=59"}],"curies":[{"name":"wp","href":"https:\/\/api.w.org\/{rel}","templated":true}]}}