{"id":108,"date":"2014-10-07T13:50:10","date_gmt":"2014-10-07T10:50:10","guid":{"rendered":"https:\/\/octenisept.klnph.ru\/de\/wundversorgung\/"},"modified":"2023-12-10T07:50:44","modified_gmt":"2023-12-10T04:50:44","slug":"wundversorgung","status":"publish","type":"page","link":"https:\/\/octenisept.klnph.ru\/de\/wundversorgung\/","title":{"rendered":"Wundversorgung"},"content":{"rendered":"\n<p>Der Sommer ist nicht nur eine sch\u00f6ne Zeit von W\u00e4rme, Obst und Erholung. Es ist auch die Zeit von erh\u00f6htem Traumatismus und Mediziner wissen das ganz gut. Es gibt aber einfache Regeln, die jedermann unabh\u00e4ngig vom Beruf wissen soll. Also Sommer, Sonne und \u2026 Wunden.<\/p>\n\n\n\n<p>Au\u03b2er kleinen Kratzwunden, Schnitten und Hautabsch\u00fcrfungen sollen die Wunden bei dem Arzt untersucht und versorgt werden. Das Ziel&nbsp; der ersten Hilfeleistung ist weitere Eindringung in die Wunde von Angrffsmitteln und Mikroben nicht zuzulassen.&nbsp;<\/p>\n\n\n\n<p>Aktuelle Regeln und Tipps zur Wundenversorgung<\/p>\n\n\n\n<div class=\"wp-block-columns is-layout-flex wp-container-core-columns-layout-1 wp-block-columns-is-layout-flex\">\n<div class=\"wp-block-column is-layout-flow wp-block-column-is-layout-flow\">\n<p><p><strong>1. Stillen Sie die Blutung<\/strong><\/p>\n<\/p>\n\n\n\n<figure class=\"wp-block-image alignleft size-full\"><img decoding=\"async\" src=\"https:\/\/octenisept.klnph.ru\/de\/wp-content\/uploads\/sites\/2\/2014\/10\/22.png\" alt=\"\" class=\"wp-image-105\"\/><\/figure>\n\n\n\n<p><p>Die Blutung bei kleinen Schnitten und Kratzwunden wird \u00fcblicherweise selbst gestillt. \u00a0Wenn das nicht passiert, dr\u00fccken Sie leicht die Wunde mit reinem Stoff oder Binde. Halten Sie dauernd 20-30 Minuten fest und wenn es m\u00f6glch ist, lassen Sie die Wunde gehoben sein (oberhalb des Herzens). Falls das Blut n\u00e4sst weiter oder ruckweise rinnt, suchen Sie dringend den Arzt auf. Im Notfall l\u00e4utet die Faustformel: es ist wichtiger die Blutung zu stillen als Eindringen der Infektion zu vermeiden!!!<\/p>\n<\/p>\n<\/div>\n\n\n\n<div class=\"wp-block-column is-layout-flow wp-block-column-is-layout-flow\">\n<p><p><strong>2. Reinigen Sie und versorgen Sie die Wundr\u00e4nder<\/strong><\/p>\n<\/p>\n\n\n\n<p><p>Die R\u00e4nder der Wunde sollen glatt sein. Schneiden Sie die die Wunde bedeckenden Hautschichten ab. Sp\u00fclen Sie die Wunde mit reinem Wasser. Die Waschmittel k\u00f6nnen weitere Schmerzen erzeugen. Wenn Schmutz nach der Sp\u00fclung in der Wunde bleibt, beseitigen Sie Schmutzpartikel mit reiner desinfizierter Pinzette. Wenn Sie alles nicht beseitigen k\u00f6nnen, suchen Sie den Arzt auf. Eine sorgf\u00e4ltige Reinigung beschleunigt die Heilung und mindert das Risiko der Infektion und Beschwerden. Zur Reinigung des Gebiets um die Wunde benutzen Sie Seife und Badeschwamm, es ist nicht notwendig\u00a0 Hydroperoxyd, jodhaltige Medikamente zu gebrauchen. Man soll nicht selbst\u00e4ndig, ohne Artz Fremdk\u00f6rper (Glas-, Holzsplitter, Schnipfel u.a.) aus einer tiefen Wunde herausziehen. Man kann dabei die Wunde wieder \u00f6ffnen, die Blutung verst\u00e4rken oder kontaminieren.<\/p>\n<\/p>\n<\/div>\n<\/div>\n\n\n\n<div class=\"wp-block-columns is-layout-flex wp-container-core-columns-layout-2 wp-block-columns-is-layout-flex\">\n<div class=\"wp-block-column is-layout-flow wp-block-column-is-layout-flow\">\n<p><p><strong><\/p>\n<p><strong>3. Reinigen Sie die Wunde<\/strong><\/p>\n<p><\/strong><\/p>\n<\/p>\n\n\n\n<figure class=\"wp-block-image alignleft size-full\"><img decoding=\"async\" src=\"https:\/\/octenisept.klnph.ru\/de\/wp-content\/uploads\/sites\/2\/2014\/10\/23.png\" alt=\"\" class=\"wp-image-106\"\/><\/figure>\n\n\n\n<p><p>Reinigen Sie die Wunde mit einem modernen Antiseptikum. Offene Wunde darf man nicht mit Jod, Kaliumpermangant oder Alkohol w\u00e4ssern, das verursacht weitere Verletzung offener Gewebe und\u00a0 l\u00e4ngere Wundheilung. Brillantgr\u00fcn ver\u00e4ndert die Wundfarbe und kann klinisches Bild im Fall der \u00e4rztlichen Behandlung verrei\u03b2en. Hydroperoxyd ist unausgiebig und wird schnell unwirksam beim Kontakt mit Wundinhalt. Moderne hocheffektive Antiseptika wirken gegen alle Arten von Mikroben, erzeugen kein Brennen, wirken schon nach ein paar Minuten und auf lange Zeit.<\/p>\n<\/p>\n<\/div>\n\n\n\n<div class=\"wp-block-column is-layout-flow wp-block-column-is-layout-flow\">\n<p><p><strong><\/p>\n<p><strong>4. Legen Sie einen Verband an<\/strong><\/p>\n<p><\/strong><\/p>\n<\/p>\n\n\n\n<figure class=\"wp-block-image alignleft size-full\"><img decoding=\"async\" src=\"https:\/\/octenisept.klnph.ru\/de\/wp-content\/uploads\/sites\/2\/2014\/10\/24.png\" alt=\"\" class=\"wp-image-107\"\/><\/figure>\n\n\n\n<p>\n<p>Binden erm\u00f6glichen die Reinheit der Wunde und sch\u00fctzen vor sch\u00e4dlichen Bakterien. Nachdem die Wunde gen\u00fcgend geheilt und die Infektion kaum glaublich ist, kann Luftwirkung die Heilung beschleunigen. Moderne Wundverb\u00e4nde eignen sich besser f\u00fcr die Leistung erster Hilfe dank ihren hydroaktiven Eigenschaften.<\/p>\n<\/p>\n\n\n\n<p><p>Sie schaffen und erhalten feuchte Umgebung auf der Wundfl\u00e4che und f\u00f6rdern somit den Heilungsprozess. In diesem Fall besteht es keine Notwendigkeit das Pflaster zu wechseln. Sie sparen Zeit und vermeiden Schmerzen.<\/p>\n<\/p>\n<\/div>\n<\/div>\n\n\n\n<div class=\"wp-block-columns is-layout-flex wp-container-core-columns-layout-3 wp-block-columns-is-layout-flex\">\n<div class=\"wp-block-column is-layout-flow wp-block-column-is-layout-flow\">\n<p><p><strong><strong><\/p>\n<p><strong>5. WechselnSiedenVerband<\/strong><\/p>\n<p><\/strong><\/strong><\/p>\n<\/p>\n\n\n\n<p>\n<p>Wechseln Sie den Verband mindestens ein Mal pro Tag oder sobald der feucht oder schmutzig wird.<\/p>\n<\/p>\n<\/div>\n\n\n\n<div class=\"wp-block-column is-layout-flow wp-block-column-is-layout-flow\">\n<p><p><strong><strong><\/p>\n<p><strong>6. Impfen Sie gegen Starrkrampf<\/strong><\/p>\n<p><\/strong><\/strong><\/p>\n<\/p>\n\n\n\n<p>\n<p>Die \u00c4rzte empfehlen Impfungen gegen Starrkrampf jede 10 Jahre. Falls Ihre Wunde tief oder verunreinigt ist und Sie mehr als vor 5 Jahren geimpft wurden, kann Ihr Arzt eine Wiederimpfung gegen Starrkrampf empfehlen. Tun Sie das m\u00f6glichst schnell nach der Verletzung.<\/p>\n<\/p>\n<\/div>\n<\/div>\n\n\n\n<h3 class=\"wp-block-heading\">Wissenswertes \u00fcber Wunden<\/h3>\n\n\n\n<h3 class=\"wp-block-heading\">Brandwunden<\/h3>\n\n\n\n<p>Selbst\u00e4ndig darf man nur oberfl\u00e4chliche kleine Verbrennungen (nicht mehr als 1% von K\u00f6rperfl\u00e4che &#8212; eine Handfl\u00e4che des Betroffenen) behandeln, wenn es keine sekund\u00e4re Infektion der Brandwunde (ger\u00f6tete \u00f6dematose Wundr\u00e4nder, eitrige Absonderung, erh\u00f6hte K\u00f6rpertemperatur, Fr\u00f6steln, Schmerzsteigerung in der Wunde) gibt. Sonst soll man Notruf absetzen und weiterhin stazion\u00e4r behandelt werden. Bei oberfl\u00e4chlichen aber ausgedehnten und jeden tiefen Verbrennungen soll es ambulant vorgehen.&nbsp;Wie erfolgt Brandwundversorgung zu Hause? Entfernen Sie behutsam Verunreinigungen und Oberhautfetzen, nachdem befeuchten Sie mit einem modernen Antiseptikum. Weiterhin gebrauchen Sie Gel oder Salbe gegen Verbrennungen mit Antibiotika zur Vorbeugung der Eiterung und zum Erweichen der Wundr\u00e4nder. Nachdem legen Sie einen sterilen Verband an, der \u00e4u\u03b2ere Einwirkung und sekund\u00e4re Infektion verhindert. Beim Wundverbinden zu Hause gebrauchen Sie Watte und Pflaster nicht! Brandblasen nicht \u00f6ffnen! Man darf nicht auf verbrannte Haut Salben, Cremen, Pflanzen\u00f6l, geschlagene Eier, saure Sahne, saure Milch, Alkoholl\u00f6sungen auftragen! Zur Wundsp\u00fclung jede Fl\u00fcssigkeiten (z. B. Harn) au\u03b2er lauwarmem fliessendem Wasser nicht gebrauchen!<\/p>\n\n\n\n<h3 class=\"wp-block-heading\">Wie behandelt &nbsp;man eine Bi\u03b2wunde?<\/h3>\n\n\n\n<p>Tierbi\u03b2e sind mit hohem Risiko f\u00fcr menschliche Gesundheit verbunden. Ein Bi\u03b2 kann Tollwut, Eindringen von hochpathogenen Mikroorganismen oder Verletzung des weichen Gewebes verursachen. Sp\u00fclen Sie die Wunde mit der Seife und verbinden sie. &nbsp;Wenden Sie sich an den Arzt unbedingt, wenn es ein Wildtier, nicht Ihres Tier, oder Ihres gegen Tollwut nicht geimpftes Tier war, das mit einem kranken Tier kontaktieren k\u00f6nnte (z. B. auf dem Lande). Wenn es kein Risiko f\u00fcr Infizierung gibt und die Wunde nicht tief und klein ist, versorgen Sie sie \u00fcblichen Regeln nach. Katzenkr\u00e4tzer werden unbedingt mit einem modernen hochwirksamen Antiseptikum desinfiziert, selbst es nicht tiefe Kr\u00e4tzer und von einer Hauskatze sind.&nbsp;<\/p>\n\n\n\n<h3 class=\"wp-block-heading\">Augenwunde<\/h3>\n\n\n\n<p>Bei der Augenverletzung&nbsp; darf man \u201cfeldm\u00e4\u03b2ig\u201d weder die Augen sp\u00fclen noch Fremdk\u00f6rper entfernen. Man legt einen sterilen Verband an und gibt Schmerzmittel. Der Verletzte wird liegend&nbsp; ins Krankenhaus transportiert. &nbsp;<\/p>\n\n\n\n<h3 class=\"wp-block-heading\">Beim &nbsp;Zahnausfall<\/h3>\n\n\n\n<p>Stecken Sie den Zahn hinter die Krone (sehbarerTeil des Zahns im Mund). Sp\u00fclen Sie ein wenig mit Wasser ab. Nicht reiben! Gehen Sie sofort zum Zahnarzt. Den Zahn transportieren Sie im Munde des Verletzten (wenn es das Kind ist, im Munde der Mutter) hinter der Wange, auf der Gegenseite (andere M\u00f6glichkeiten sind Kochsalzl\u00f6sung oder notfalls Wasser, jedenfalls soll der Zahn feucht bleiben).<\/p>\n\n\n\n<h3 class=\"wp-block-heading\">&nbsp;Wir w\u00fcnschen Ihnen Gesundheit und Wohl!<\/h3>\n","protected":false},"excerpt":{"rendered":"<p>Der Sommer ist nicht nur eine sch\u00f6ne Zeit von W\u00e4rme, Obst und Erholung. Es ist auch die Zeit von erh\u00f6htem Traumatismus und Mediziner wissen das ganz gut. Es gibt aber einfache Regeln, die jedermann unabh\u00e4ngig vom Beruf wissen soll. Also Sommer, Sonne und \u2026 Wunden. Au\u03b2er kleinen Kratzwunden, Schnitten und Hautabsch\u00fcrfungen sollen die Wunden bei [&hellip;]<\/p>\n","protected":false},"author":2,"featured_media":0,"parent":0,"menu_order":0,"comment_status":"closed","ping_status":"closed","template":"","meta":{"footnotes":""},"_links":{"self":[{"href":"https:\/\/octenisept.klnph.ru\/de\/wp-json\/wp\/v2\/pages\/108"}],"collection":[{"href":"https:\/\/octenisept.klnph.ru\/de\/wp-json\/wp\/v2\/pages"}],"about":[{"href":"https:\/\/octenisept.klnph.ru\/de\/wp-json\/wp\/v2\/types\/page"}],"author":[{"embeddable":true,"href":"https:\/\/octenisept.klnph.ru\/de\/wp-json\/wp\/v2\/users\/2"}],"replies":[{"embeddable":true,"href":"https:\/\/octenisept.klnph.ru\/de\/wp-json\/wp\/v2\/comments?post=108"}],"version-history":[{"count":9,"href":"https:\/\/octenisept.klnph.ru\/de\/wp-json\/wp\/v2\/pages\/108\/revisions"}],"predecessor-version":[{"id":184,"href":"https:\/\/octenisept.klnph.ru\/de\/wp-json\/wp\/v2\/pages\/108\/revisions\/184"}],"wp:attachment":[{"href":"https:\/\/octenisept.klnph.ru\/de\/wp-json\/wp\/v2\/media?parent=108"}],"curies":[{"name":"wp","href":"https:\/\/api.w.org\/{rel}","templated":true}]}}